{"id":99,"date":"2019-01-09T23:16:06","date_gmt":"2019-01-09T23:16:06","guid":{"rendered":"http:\/\/dunger.at\/wordpress\/?page_id=99"},"modified":"2019-01-09T23:16:06","modified_gmt":"2019-01-09T23:16:06","slug":"links","status":"publish","type":"page","link":"https:\/\/dunger.at\/wordpress\/links\/","title":{"rendered":"Links"},"content":{"rendered":"<p>Hier k\u00f6nnen Sie sich einen \u00dcberblick \u00fcber die Partner der Firma Ing. Dunger verschaffen.<\/p>\n<p align=\"left\"><a href=\"http:\/\/www.harreither.com\/\" target=\"_parent\"><img decoding=\"async\" src=\"https:\/\/dunger.at\/harreither.gif\" \/><\/a>\u00a0Harreither GmbH<\/p>\n<p align=\"left\"><a href=\"http:\/\/www.sulzer.co.at\/WELLNESS\/haustechnik.htm\" target=\"_parent\"><img decoding=\"async\" src=\"https:\/\/dunger.at\/sulzer.gif\" \/><\/a>\u00a0Sulzer Wellnesstechnik GmbH<\/p>\n<p>&nbsp;<\/p>\n","protected":false},"excerpt":{"rendered":"<p>Hier k\u00f6nnen Sie sich einen \u00dcberblick \u00fcber die Partner der Firma Ing. Dunger verschaffen. \u00a0Harreither GmbH \u00a0Sulzer Wellnesstechnik GmbH &nbsp;<\/p>\n","protected":false},"author":1,"featured_media":0,"parent":0,"menu_order":0,"comment_status":"closed","ping_status":"closed","template":"","meta":{"footnotes":""},"class_list":["post-99","page","type-page","status-publish","hentry"],"_links":{"self":[{"href":"https:\/\/dunger.at\/wordpress\/wp-json\/wp\/v2\/pages\/99","targetHints":{"allow":["GET"]}}],"collection":[{"href":"https:\/\/dunger.at\/wordpress\/wp-json\/wp\/v2\/pages"}],"about":[{"href":"https:\/\/dunger.at\/wordpress\/wp-json\/wp\/v2\/types\/page"}],"author":[{"embeddable":true,"href":"https:\/\/dunger.at\/wordpress\/wp-json\/wp\/v2\/users\/1"}],"replies":[{"embeddable":true,"href":"https:\/\/dunger.at\/wordpress\/wp-json\/wp\/v2\/comments?post=99"}],"version-history":[{"count":1,"href":"https:\/\/dunger.at\/wordpress\/wp-json\/wp\/v2\/pages\/99\/revisions"}],"predecessor-version":[{"id":100,"href":"https:\/\/dunger.at\/wordpress\/wp-json\/wp\/v2\/pages\/99\/revisions\/100"}],"wp:attachment":[{"href":"https:\/\/dunger.at\/wordpress\/wp-json\/wp\/v2\/media?parent=99"}],"curies":[{"name":"wp","href":"https:\/\/api.w.org\/{rel}","templated":true}]}}