{"id":35,"date":"2019-01-01T17:33:33","date_gmt":"2019-01-01T17:33:33","guid":{"rendered":"http:\/\/dunger.at\/wordpress\/?page_id=35"},"modified":"2021-03-10T11:29:17","modified_gmt":"2021-03-10T11:29:17","slug":"kontakt","status":"publish","type":"page","link":"https:\/\/dunger.at\/wordpress\/kontakt\/","title":{"rendered":"Kontakt"},"content":{"rendered":"<p><strong>Ing. Dunger Gmbh<br \/>\n<\/strong>Meiselstra\u00dfe 8<br \/>\n1150 Wien<\/p>\n<p><iframe loading=\"lazy\" style=\"border: 0;\" src=\"https:\/\/www.google.com\/maps\/embed?pb=!1m18!1m12!1m3!1d21275.722611230947!2d16.32275333362984!3d48.19765239744962!2m3!1f0!2f0!3f0!3m2!1i1024!2i768!4f13.1!3m3!1m2!1s0x476d07f8a4d8f76b%3A0xa959c47b9729c5e!2sSelzergasse+30%2C+1150+Wien%2C+%C3%96sterreich!5e0!3m2!1sde!2sus!4v1546363956482\" width=\"600\" height=\"450\" frameborder=\"0\" allowfullscreen=\"allowfullscreen\"><\/iframe><\/p>\n<p><strong>Telefon:<\/strong>\u00a001- 982 50 16<br \/>\n<strong>Fax:<\/strong>\u00a001-982 50 16 &#8211; 9<\/p>\n<p>E-Mail: <a href=\"mailto:office@dunger.at\">office@dunger.at<\/a><\/p>\n<p>Firmenbuchnummer: FN 94398X<br \/>\nFirmenbuchgericht: Handelsgericht Wien<br \/>\nUID-Nr.: ATU 156 20 308<\/p>\n<p>Berufsverband: Sanit\u00e4r-, Heizungs-, und L\u00fcftungstechniker, Landesinnung Wien<br \/>\nWirtschaftskammer Wien<br \/>\nSparte Gewerbe und Handwerk<br \/>\nStra\u00dfe der Wiener Wirtschaft 1<br \/>\nA-1020 Wien<\/p>\n","protected":false},"excerpt":{"rendered":"<p>Ing. Dunger Gmbh Meiselstra\u00dfe 8 1150 Wien Telefon:\u00a001- 982 50 16 Fax:\u00a001-982 50 16 &#8211; 9 E-Mail: office@dunger.at Firmenbuchnummer: FN 94398X Firmenbuchgericht: Handelsgericht Wien UID-Nr.: ATU 156 20 308 Berufsverband: Sanit\u00e4r-, Heizungs-, und L\u00fcftungstechniker, Landesinnung Wien Wirtschaftskammer Wien Sparte Gewerbe und Handwerk Stra\u00dfe der Wiener Wirtschaft 1 A-1020 Wien<\/p>\n","protected":false},"author":1,"featured_media":0,"parent":0,"menu_order":0,"comment_status":"closed","ping_status":"closed","template":"","meta":{"footnotes":""},"class_list":["post-35","page","type-page","status-publish","hentry"],"_links":{"self":[{"href":"https:\/\/dunger.at\/wordpress\/wp-json\/wp\/v2\/pages\/35","targetHints":{"allow":["GET"]}}],"collection":[{"href":"https:\/\/dunger.at\/wordpress\/wp-json\/wp\/v2\/pages"}],"about":[{"href":"https:\/\/dunger.at\/wordpress\/wp-json\/wp\/v2\/types\/page"}],"author":[{"embeddable":true,"href":"https:\/\/dunger.at\/wordpress\/wp-json\/wp\/v2\/users\/1"}],"replies":[{"embeddable":true,"href":"https:\/\/dunger.at\/wordpress\/wp-json\/wp\/v2\/comments?post=35"}],"version-history":[{"count":4,"href":"https:\/\/dunger.at\/wordpress\/wp-json\/wp\/v2\/pages\/35\/revisions"}],"predecessor-version":[{"id":112,"href":"https:\/\/dunger.at\/wordpress\/wp-json\/wp\/v2\/pages\/35\/revisions\/112"}],"wp:attachment":[{"href":"https:\/\/dunger.at\/wordpress\/wp-json\/wp\/v2\/media?parent=35"}],"curies":[{"name":"wp","href":"https:\/\/api.w.org\/{rel}","templated":true}]}}