{"id":31,"date":"2019-01-01T17:27:34","date_gmt":"2019-01-01T17:27:34","guid":{"rendered":"http:\/\/dunger.at\/wordpress\/?page_id=31"},"modified":"2019-01-01T17:49:02","modified_gmt":"2019-01-01T17:49:02","slug":"loesungen","status":"publish","type":"page","link":"https:\/\/dunger.at\/wordpress\/loesungen\/","title":{"rendered":"L\u00f6sungen"},"content":{"rendered":"<p>Wir legen viel Wert darauf, ein breit gef\u00e4chertes Spektrum an L\u00f6sungen f\u00fcr unsere Kunden anbieten zu k\u00f6nnen.<\/p>\n<ul>\n<li>Wir planen und installieren Neuanlagen f\u00fcr private, gewerbliche und industrielle Kunden\n<ul>\n<li>Fu\u00dfboden-und Wandfl\u00e4chen-Systeme f\u00fcr Heizen und K\u00fchlen<\/li>\n<li>K\u00fchldecken<\/li>\n<li>B\u00e4der und Sanit\u00e4r<\/li>\n<\/ul>\n<\/li>\n<li>Klimatisierungen und L\u00fcftungssysteme<\/li>\n<li>Wir sind Spezialisten f\u00fcr den Einbau von modernen Systemen\n<ul>\n<li>W\u00e4rmepumpen<\/li>\n<li>Solaranlagen<\/li>\n<li>u.a.<\/li>\n<\/ul>\n<\/li>\n<li>Wir modernisieren bestehende Anlagen(Heizung, K\u00fchlung, Klima, L\u00fcftung) und B\u00e4der<\/li>\n<li>Wir projektieren und bauen Systeme f\u00fcr erneuerbare Energie (Pellets, Hackschnitzel, St\u00fcckholz\u2026)<\/li>\n<li>Wir planen und bauen Wellnessbereiche<\/li>\n<li>Wir verf\u00fcgen \u00fcber einen gut geschulten Kundendienst und helfen umgehend bei Gebrechen<\/li>\n<li>Wir planen und installieren Schwimmb\u00e4der<\/li>\n<\/ul>\n","protected":false},"excerpt":{"rendered":"<p>Wir legen viel Wert darauf, ein breit gef\u00e4chertes Spektrum an L\u00f6sungen f\u00fcr unsere Kunden anbieten zu k\u00f6nnen. Wir planen und installieren Neuanlagen f\u00fcr private, gewerbliche und industrielle Kunden Fu\u00dfboden-und Wandfl\u00e4chen-Systeme f\u00fcr Heizen und K\u00fchlen K\u00fchldecken B\u00e4der und Sanit\u00e4r Klimatisierungen und L\u00fcftungssysteme Wir sind Spezialisten f\u00fcr den Einbau von modernen Systemen W\u00e4rmepumpen Solaranlagen u.a. Wir modernisieren &hellip; <\/p>\n<p class=\"link-more\"><a href=\"https:\/\/dunger.at\/wordpress\/loesungen\/\" class=\"more-link\"><span class=\"screen-reader-text\">\u201eL\u00f6sungen\u201c <\/span>weiterlesen<\/a><\/p>\n","protected":false},"author":1,"featured_media":43,"parent":0,"menu_order":0,"comment_status":"closed","ping_status":"closed","template":"","meta":{"footnotes":""},"class_list":["post-31","page","type-page","status-publish","has-post-thumbnail","hentry"],"_links":{"self":[{"href":"https:\/\/dunger.at\/wordpress\/wp-json\/wp\/v2\/pages\/31","targetHints":{"allow":["GET"]}}],"collection":[{"href":"https:\/\/dunger.at\/wordpress\/wp-json\/wp\/v2\/pages"}],"about":[{"href":"https:\/\/dunger.at\/wordpress\/wp-json\/wp\/v2\/types\/page"}],"author":[{"embeddable":true,"href":"https:\/\/dunger.at\/wordpress\/wp-json\/wp\/v2\/users\/1"}],"replies":[{"embeddable":true,"href":"https:\/\/dunger.at\/wordpress\/wp-json\/wp\/v2\/comments?post=31"}],"version-history":[{"count":4,"href":"https:\/\/dunger.at\/wordpress\/wp-json\/wp\/v2\/pages\/31\/revisions"}],"predecessor-version":[{"id":48,"href":"https:\/\/dunger.at\/wordpress\/wp-json\/wp\/v2\/pages\/31\/revisions\/48"}],"wp:featuredmedia":[{"embeddable":true,"href":"https:\/\/dunger.at\/wordpress\/wp-json\/wp\/v2\/media\/43"}],"wp:attachment":[{"href":"https:\/\/dunger.at\/wordpress\/wp-json\/wp\/v2\/media?parent=31"}],"curies":[{"name":"wp","href":"https:\/\/api.w.org\/{rel}","templated":true}]}}