{"id":28,"date":"2019-01-01T17:24:49","date_gmt":"2019-01-01T17:24:49","guid":{"rendered":"http:\/\/dunger.at\/wordpress\/?page_id=28"},"modified":"2021-03-10T11:30:09","modified_gmt":"2021-03-10T11:30:09","slug":"geschichte","status":"publish","type":"page","link":"https:\/\/dunger.at\/wordpress\/geschichte\/","title":{"rendered":"Geschichte"},"content":{"rendered":"\r\n<p>Unser Unternehmen wurde 1990 durch Ing. Erich Dunger mit 4 Mitarbeitern gegr\u00fcndet. Ing Dunger verf\u00fcgt \u00fcber jahrzehntelange, praktische Erfahrung in allen Bereichen der Haustechnik. Das Unternehmen ist nunmehr seit \u00fcber 30 Jahren in \u00d6sterreich erfolgreich t\u00e4tig und erfreut sich bei Privatkunden, Architekten und Planern gro\u00dfen Ansehens.<\/p>\r\n\r\n\r\n\r\n<p>Das Team hat sich im Laufe der Jahre st\u00e4ndig erweitert und verf\u00fcgt heute \u00fcber 16 hochqualifizierte Fachspezialisten. Ab Mitte 1993 wurde auch ein eigener Servicedienst installiert um unseren Kunden eine bestm\u00f6gliche Betreuung zu gew\u00e4hrleisten. Zum aktuellen Zeitpunkt sind f\u00fcnf Mitarbeiter inklusive Ing. Dunger im B\u00fcro um Sie bem\u00fcht, im Servicedienst sind zwei Techniker t\u00e4tig und auf Montage 10 Monteure unterwegs.<\/p>\r\n\r\n\r\n\r\n<p>Da wir unsere Kunden mittlerweile zu unseren Freunden z\u00e4hlen d\u00fcrfen und so immer gerne weiterempfohlen werden, gelingt es uns immer mehr Menschen von unseren Ideen zu \u00fcberzeugen und interessante Projekte zu gestalten.<\/p>\r\n","protected":false},"excerpt":{"rendered":"<p>Unser Unternehmen wurde 1990 durch Ing. Erich Dunger mit 4 Mitarbeitern gegr\u00fcndet. Ing Dunger verf\u00fcgt \u00fcber jahrzehntelange, praktische Erfahrung in allen Bereichen der Haustechnik. Das Unternehmen ist nunmehr seit \u00fcber 30 Jahren in \u00d6sterreich erfolgreich t\u00e4tig und erfreut sich bei Privatkunden, Architekten und Planern gro\u00dfen Ansehens. Das Team hat sich im Laufe der Jahre st\u00e4ndig &hellip; <\/p>\n<p class=\"link-more\"><a href=\"https:\/\/dunger.at\/wordpress\/geschichte\/\" class=\"more-link\"><span class=\"screen-reader-text\">\u201eGeschichte\u201c <\/span>weiterlesen<\/a><\/p>\n","protected":false},"author":1,"featured_media":45,"parent":0,"menu_order":0,"comment_status":"closed","ping_status":"closed","template":"","meta":{"footnotes":""},"class_list":["post-28","page","type-page","status-publish","has-post-thumbnail","hentry"],"_links":{"self":[{"href":"https:\/\/dunger.at\/wordpress\/wp-json\/wp\/v2\/pages\/28","targetHints":{"allow":["GET"]}}],"collection":[{"href":"https:\/\/dunger.at\/wordpress\/wp-json\/wp\/v2\/pages"}],"about":[{"href":"https:\/\/dunger.at\/wordpress\/wp-json\/wp\/v2\/types\/page"}],"author":[{"embeddable":true,"href":"https:\/\/dunger.at\/wordpress\/wp-json\/wp\/v2\/users\/1"}],"replies":[{"embeddable":true,"href":"https:\/\/dunger.at\/wordpress\/wp-json\/wp\/v2\/comments?post=28"}],"version-history":[{"count":2,"href":"https:\/\/dunger.at\/wordpress\/wp-json\/wp\/v2\/pages\/28\/revisions"}],"predecessor-version":[{"id":113,"href":"https:\/\/dunger.at\/wordpress\/wp-json\/wp\/v2\/pages\/28\/revisions\/113"}],"wp:featuredmedia":[{"embeddable":true,"href":"https:\/\/dunger.at\/wordpress\/wp-json\/wp\/v2\/media\/45"}],"wp:attachment":[{"href":"https:\/\/dunger.at\/wordpress\/wp-json\/wp\/v2\/media?parent=28"}],"curies":[{"name":"wp","href":"https:\/\/api.w.org\/{rel}","templated":true}]}}