{"id":24,"date":"2019-01-01T17:22:22","date_gmt":"2019-01-01T17:22:22","guid":{"rendered":"http:\/\/dunger.at\/wordpress\/?page_id=24"},"modified":"2019-01-01T17:43:33","modified_gmt":"2019-01-01T17:43:33","slug":"philosophie","status":"publish","type":"page","link":"https:\/\/dunger.at\/wordpress\/philosophie\/","title":{"rendered":"Philosophie"},"content":{"rendered":"\r\n<ul class=\"wp-block-list\">\r\n<li>Wir sind Spezialisten f\u00fcr modernes Heizen und K\u00fchlen<\/li>\r\n<li>Wir sehen uns als Nr. 1 im Wiener Raum auf dem Gebiet der Fl\u00e4chen-Heizung und -K\u00fchlung f\u00fcr Fu\u00dfboden, Wand und Decke<\/li>\r\n<li>Wir planen und installieren anspruchsvolle L\u00f6sungen f\u00fcr anspruchsvolle Kunden<\/li>\r\n<li>Wir betrachten unsere Aufgabe als Raumklima-Designer im Sinne der Gestaltung von optimalem Raumklima f\u00fcr alle Jahreszeiten<\/li>\r\n<li>Modernes Heizen und K\u00fchlen ist unser zentrales Anliegen<\/li>\r\n<li>Das Planen und das Installieren von Zukunftstechnologien ist f\u00fcr uns heute bereits zum Standard geworden<\/li>\r\n<li>Unsere Kunden, deren W\u00fcnsche und Bed\u00fcrfnisse sind bei uns das zentrale Thema f\u00fcr technische L\u00f6sungen.\u00a0<br \/>Unser oberstes Ziel sind dabei begeisterte Kunden<\/li>\r\n<li>Unsere Mitarbeiter sind erfolgreiche, bestens geschulte und langj\u00e4hrig erfahrene Spezialisten<\/li>\r\n<li>Mit unseren modernen technischen L\u00f6sungen setzen wir Ma\u00dfst\u00e4be<\/li>\r\n<li>Energiesparende und zukunftsorientierte L\u00f6sungen zu entwickeln, ist eines unserer wichtigsten Ziele \u00a0<\/li>\r\n<\/ul>\r\n","protected":false},"excerpt":{"rendered":"<p>Wir sind Spezialisten f\u00fcr modernes Heizen und K\u00fchlen Wir sehen uns als Nr. 1 im Wiener Raum auf dem Gebiet der Fl\u00e4chen-Heizung und -K\u00fchlung f\u00fcr Fu\u00dfboden, Wand und Decke Wir planen und installieren anspruchsvolle L\u00f6sungen f\u00fcr anspruchsvolle Kunden Wir betrachten unsere Aufgabe als Raumklima-Designer im Sinne der Gestaltung von optimalem Raumklima f\u00fcr alle Jahreszeiten Modernes &hellip; <\/p>\n<p class=\"link-more\"><a href=\"https:\/\/dunger.at\/wordpress\/philosophie\/\" class=\"more-link\"><span class=\"screen-reader-text\">\u201ePhilosophie\u201c <\/span>weiterlesen<\/a><\/p>\n","protected":false},"author":1,"featured_media":47,"parent":0,"menu_order":0,"comment_status":"closed","ping_status":"closed","template":"","meta":{"footnotes":""},"class_list":["post-24","page","type-page","status-publish","has-post-thumbnail","hentry"],"_links":{"self":[{"href":"https:\/\/dunger.at\/wordpress\/wp-json\/wp\/v2\/pages\/24","targetHints":{"allow":["GET"]}}],"collection":[{"href":"https:\/\/dunger.at\/wordpress\/wp-json\/wp\/v2\/pages"}],"about":[{"href":"https:\/\/dunger.at\/wordpress\/wp-json\/wp\/v2\/types\/page"}],"author":[{"embeddable":true,"href":"https:\/\/dunger.at\/wordpress\/wp-json\/wp\/v2\/users\/1"}],"replies":[{"embeddable":true,"href":"https:\/\/dunger.at\/wordpress\/wp-json\/wp\/v2\/comments?post=24"}],"version-history":[{"count":2,"href":"https:\/\/dunger.at\/wordpress\/wp-json\/wp\/v2\/pages\/24\/revisions"}],"predecessor-version":[{"id":49,"href":"https:\/\/dunger.at\/wordpress\/wp-json\/wp\/v2\/pages\/24\/revisions\/49"}],"wp:featuredmedia":[{"embeddable":true,"href":"https:\/\/dunger.at\/wordpress\/wp-json\/wp\/v2\/media\/47"}],"wp:attachment":[{"href":"https:\/\/dunger.at\/wordpress\/wp-json\/wp\/v2\/media?parent=24"}],"curies":[{"name":"wp","href":"https:\/\/api.w.org\/{rel}","templated":true}]}}