{"id":2,"date":"2016-05-10T03:48:21","date_gmt":"2016-05-10T03:48:21","guid":{"rendered":"http:\/\/dunger.at\/wordpress\/?page_id=2"},"modified":"2019-01-01T17:21:31","modified_gmt":"2019-01-01T17:21:31","slug":"sample-page","status":"publish","type":"page","link":"https:\/\/dunger.at\/wordpress\/","title":{"rendered":"Home"},"content":{"rendered":"<p>Die T\u00e4tigkeiten der Firma Ing. Dunger umfassen:<\/p>\n<ul>\n<li>Modernste, wirtschaftlichste Haustechnik<\/li>\n<li>Alternativenergieanlagen<\/li>\n<li>Modernisierung von Wohnh\u00e4usern, Wohnungen, B\u00e4dern<\/li>\n<li>Ausbau von Dachb\u00f6den, Wohnh\u00e4usern<\/li>\n<li>Trink- und Nutzwasseranlagen<\/li>\n<\/ul>\n","protected":false},"excerpt":{"rendered":"<p>Die T\u00e4tigkeiten der Firma Ing. Dunger umfassen: Modernste, wirtschaftlichste Haustechnik Alternativenergieanlagen Modernisierung von Wohnh\u00e4usern, Wohnungen, B\u00e4dern Ausbau von Dachb\u00f6den, Wohnh\u00e4usern Trink- und Nutzwasseranlagen<\/p>\n","protected":false},"author":1,"featured_media":0,"parent":0,"menu_order":0,"comment_status":"closed","ping_status":"open","template":"","meta":{"footnotes":""},"class_list":["post-2","page","type-page","status-publish","hentry"],"_links":{"self":[{"href":"https:\/\/dunger.at\/wordpress\/wp-json\/wp\/v2\/pages\/2","targetHints":{"allow":["GET"]}}],"collection":[{"href":"https:\/\/dunger.at\/wordpress\/wp-json\/wp\/v2\/pages"}],"about":[{"href":"https:\/\/dunger.at\/wordpress\/wp-json\/wp\/v2\/types\/page"}],"author":[{"embeddable":true,"href":"https:\/\/dunger.at\/wordpress\/wp-json\/wp\/v2\/users\/1"}],"replies":[{"embeddable":true,"href":"https:\/\/dunger.at\/wordpress\/wp-json\/wp\/v2\/comments?post=2"}],"version-history":[{"count":1,"href":"https:\/\/dunger.at\/wordpress\/wp-json\/wp\/v2\/pages\/2\/revisions"}],"predecessor-version":[{"id":23,"href":"https:\/\/dunger.at\/wordpress\/wp-json\/wp\/v2\/pages\/2\/revisions\/23"}],"wp:attachment":[{"href":"https:\/\/dunger.at\/wordpress\/wp-json\/wp\/v2\/media?parent=2"}],"curies":[{"name":"wp","href":"https:\/\/api.w.org\/{rel}","templated":true}]}}